{"id":382,"date":"2025-08-17T08:25:01","date_gmt":"2025-08-17T08:25:01","guid":{"rendered":"https:\/\/premierandalusians.com\/services\/"},"modified":"2025-10-02T14:15:36","modified_gmt":"2025-10-02T14:15:36","slug":"services","status":"publish","type":"page","link":"https:\/\/premierandalusians.com\/es\/services\/","title":{"rendered":"Facility"},"content":{"rendered":"<div data-elementor-type=\"wp-page\" data-elementor-id=\"382\" class=\"elementor elementor-382\" data-elementor-post-type=\"page\">\n\t\t\t\t<div class=\"elementor-element elementor-element-79e231e e-flex e-con-boxed e-con e-parent\" data-id=\"79e231e\" data-element_type=\"container\" data-e-type=\"container\" data-settings=\"{&quot;background_background&quot;:&quot;classic&quot;}\">\n\t\t\t\t\t<div class=\"e-con-inner\">\n\t\t<div class=\"elementor-element elementor-element-13cfc84 e-con-full e-flex e-con e-child\" data-id=\"13cfc84\" data-element_type=\"container\" data-e-type=\"container\">\n\t\t<div class=\"elementor-element elementor-element-5cb8646 e-con-full e-flex e-con e-child\" data-id=\"5cb8646\" data-element_type=\"container\" data-e-type=\"container\">\n\t\t<div class=\"elementor-element elementor-element-18bd4ca e-con-full e-flex e-con e-child\" data-id=\"18bd4ca\" data-element_type=\"container\" data-e-type=\"container\">\n\t\t\t\t<div class=\"elementor-element elementor-element-d08d3d2 elementor-widget elementor-widget-heading\" data-id=\"d08d3d2\" data-element_type=\"widget\" data-e-type=\"widget\" data-widget_type=\"heading.default\">\n\t\t\t\t\t<h1 class=\"elementor-heading-title elementor-size-default\">Facility<\/h1>\t\t\t\t<\/div>\n\t\t\t\t<\/div>\n\t\t<div class=\"elementor-element elementor-element-fe25e86 e-con-full e-flex e-con e-child\" data-id=\"fe25e86\" data-element_type=\"container\" data-e-type=\"container\">\n\t\t\t\t<div class=\"elementor-element elementor-element-71bd3eb elementor-widget elementor-widget-text-editor\" data-id=\"71bd3eb\" data-element_type=\"widget\" data-e-type=\"widget\" data-widget_type=\"text-editor.default\">\n\t\t\t\t\t\t\t\t\t<p><span style=\"font-weight: 400;\">Operamos desde Jerez, Espa\u00f1a, el coraz\u00f3n de Andaluc\u00eda, aprovechando el rico patrimonio ecuestre de la regi\u00f3n para brindar servicios de clase mundial a clientes en toda Europa y m\u00e1s all\u00e1. Este impresionante centro ecuestre est\u00e1 rodeado de exuberantes olivos, creando un entorno tranquilo y pintoresco para caballos y jinetes por igual. La instalaci\u00f3n cuenta con 14 espaciosos puestos dise\u00f1ados para la comodidad y la seguridad, tres potreros bien mantenidos que ofrecen un amplio espacio para la salida y la relajaci\u00f3n, y un ring profesional al aire libre de 20 x 60 metros ideal para doma y entrenamiento. La armoniosa mezcla de belleza natural y comodidades de primer nivel hace de este centro un para\u00edso para los entusiastas de la equitaci\u00f3n que buscan excelencia y serenidad en Andaluc\u00eda.<\/span><\/p>\t\t\t\t\t\t\t\t<\/div>\n\t\t\t\t<\/div>\n\t\t\t\t<\/div>\n\t\t<div class=\"elementor-element elementor-element-0aafb70 e-con-full e-flex e-con e-child\" data-id=\"0aafb70\" data-element_type=\"container\" data-e-type=\"container\">\n\t\t<div class=\"elementor-element elementor-element-aebe57a e-con-full e-flex e-con e-child\" data-id=\"aebe57a\" data-element_type=\"container\" data-e-type=\"container\">\n\t\t\t\t<div class=\"elementor-element elementor-element-19fd5d7 elementor-widget elementor-widget-image\" data-id=\"19fd5d7\" data-element_type=\"widget\" data-e-type=\"widget\" data-widget_type=\"image.default\">\n\t\t\t\t\t\t\t\t\t\t\t\t\t\t\t<img fetchpriority=\"high\" decoding=\"async\" width=\"2560\" height=\"1297\" src=\"https:\/\/premierandalusians.com\/wp-content\/uploads\/2025\/09\/PXL_20250114_145015125.MP_-scaled-e1756824336590.jpg\" class=\"attachment-full size-full wp-image-487\" alt=\"pxl 20250114 145015125.mp\" srcset=\"https:\/\/premierandalusians.com\/wp-content\/uploads\/2025\/09\/PXL_20250114_145015125.MP_-scaled-e1756824336590.jpg 2560w, https:\/\/premierandalusians.com\/wp-content\/uploads\/2025\/09\/PXL_20250114_145015125.MP_-scaled-e1756824336590-300x152.jpg 300w, https:\/\/premierandalusians.com\/wp-content\/uploads\/2025\/09\/PXL_20250114_145015125.MP_-scaled-e1756824336590-1024x519.jpg 1024w, https:\/\/premierandalusians.com\/wp-content\/uploads\/2025\/09\/PXL_20250114_145015125.MP_-scaled-e1756824336590-768x389.jpg 768w, https:\/\/premierandalusians.com\/wp-content\/uploads\/2025\/09\/PXL_20250114_145015125.MP_-scaled-e1756824336590-1536x778.jpg 1536w, https:\/\/premierandalusians.com\/wp-content\/uploads\/2025\/09\/PXL_20250114_145015125.MP_-scaled-e1756824336590-2048x1038.jpg 2048w\" sizes=\"(max-width: 2560px) 100vw, 2560px\" title=\"Facility\">\t\t\t\t\t\t\t\t\t\t\t\t\t\t\t<\/div>\n\t\t\t\t<\/div>\n\t\t\t\t<\/div>\n\t\t\t\t<\/div>\n\t\t\t\t\t<\/div>\n\t\t\t\t<\/div>\n\t\t\t\t<section class=\"elementor-section elementor-top-section elementor-element elementor-element-7xb5zsi elementor-section-content-middle elementor-section-boxed elementor-section-height-default elementor-section-height-default\" data-id=\"7xb5zsi\" data-element_type=\"section\" data-e-type=\"section\" data-settings=\"{&quot;background_background&quot;:&quot;gradient&quot;}\">\n\t\t\t\t\t\t\t<div class=\"elementor-background-overlay\"><\/div>\n\t\t\t\t\t\t\t<div class=\"elementor-container elementor-column-gap-no\">\n\t\t\t\t\t<div class=\"elementor-column elementor-col-100 elementor-top-column elementor-element elementor-element-60772b1\" data-id=\"60772b1\" data-element_type=\"column\" data-e-type=\"column\">\n\t\t\t<div class=\"elementor-widget-wrap elementor-element-populated\">\n\t\t\t\t\t\t<div class=\"elementor-element elementor-element-d96df44 elementor-widget elementor-widget-heading\" data-id=\"d96df44\" data-element_type=\"widget\" data-e-type=\"widget\" data-widget_type=\"heading.default\">\n\t\t\t\t\t<h5 class=\"elementor-heading-title elementor-size-default\">Headquarters - Jerez, Spain<\/h5>\t\t\t\t<\/div>\n\t\t\t\t<div class=\"elementor-element elementor-element-7872c98 elementor-widget elementor-widget-heading\" data-id=\"7872c98\" data-element_type=\"widget\" data-e-type=\"widget\" data-widget_type=\"heading.default\">\n\t\t\t\t\t<h2 class=\"elementor-heading-title elementor-size-default\">Facility Highlights<\/h2>\t\t\t\t<\/div>\n\t\t\t\t<section class=\"elementor-section elementor-inner-section elementor-element elementor-element-0834d95 elementor-section-boxed elementor-section-height-default elementor-section-height-default\" data-id=\"0834d95\" data-element_type=\"section\" data-e-type=\"section\">\n\t\t\t\t\t\t<div class=\"elementor-container elementor-column-gap-no\">\n\t\t\t\t\t<div class=\"elementor-column elementor-col-33 elementor-inner-column elementor-element elementor-element-9f2b31d\" data-id=\"9f2b31d\" data-element_type=\"column\" data-e-type=\"column\">\n\t\t\t<div class=\"elementor-widget-wrap elementor-element-populated\">\n\t\t\t\t\t\t<div class=\"elementor-element elementor-element-1eaee11 elementor-widget elementor-widget-image\" data-id=\"1eaee11\" data-element_type=\"widget\" data-e-type=\"widget\" data-widget_type=\"image.default\">\n\t\t\t\t\t\t\t\t\t\t\t\t\t\t\t<img decoding=\"async\" width=\"1836\" height=\"912\" src=\"https:\/\/premierandalusians.com\/wp-content\/uploads\/2025\/08\/WhatsApp-Image-2025-08-23-at-03.53.17_43477604-e1758103860689.jpg\" class=\"attachment-full size-full wp-image-415\" alt=\"whatsapp image 2025 08 23 at 03.53.17 43477604\" srcset=\"https:\/\/premierandalusians.com\/wp-content\/uploads\/2025\/08\/WhatsApp-Image-2025-08-23-at-03.53.17_43477604-e1758103860689.jpg 1836w, https:\/\/premierandalusians.com\/wp-content\/uploads\/2025\/08\/WhatsApp-Image-2025-08-23-at-03.53.17_43477604-e1758103860689-300x149.jpg 300w, https:\/\/premierandalusians.com\/wp-content\/uploads\/2025\/08\/WhatsApp-Image-2025-08-23-at-03.53.17_43477604-e1758103860689-1024x509.jpg 1024w, https:\/\/premierandalusians.com\/wp-content\/uploads\/2025\/08\/WhatsApp-Image-2025-08-23-at-03.53.17_43477604-e1758103860689-768x381.jpg 768w, https:\/\/premierandalusians.com\/wp-content\/uploads\/2025\/08\/WhatsApp-Image-2025-08-23-at-03.53.17_43477604-e1758103860689-1536x763.jpg 1536w\" sizes=\"(max-width: 1836px) 100vw, 1836px\" title=\"Facility\">\t\t\t\t\t\t\t\t\t\t\t\t\t\t\t<\/div>\n\t\t\t\t<div class=\"elementor-element elementor-element-03e7550 elementor-widget elementor-widget-heading\" data-id=\"03e7550\" data-element_type=\"widget\" data-e-type=\"widget\" data-widget_type=\"heading.default\">\n\t\t\t\t\t<h3 class=\"elementor-heading-title elementor-size-default\">Main Ring<\/h3>\t\t\t\t<\/div>\n\t\t\t\t<div class=\"elementor-element elementor-element-f9417bc elementor-widget elementor-widget-text-editor\" data-id=\"f9417bc\" data-element_type=\"widget\" data-e-type=\"widget\" data-widget_type=\"text-editor.default\">\n\t\t\t\t\t\t\t\t\t<p><strong>Main Dressage Ring (60&#215;120 feet)<\/strong><\/p><ul><li>Maintained footing for optimal performance and safety<\/li><li>Surrounded by natural scenery\u00a0<\/li><\/ul>\t\t\t\t\t\t\t\t<\/div>\n\t\t\t\t\t<\/div>\n\t\t<\/div>\n\t\t\t\t<div class=\"elementor-column elementor-col-33 elementor-inner-column elementor-element elementor-element-988710c\" data-id=\"988710c\" data-element_type=\"column\" data-e-type=\"column\">\n\t\t\t<div class=\"elementor-widget-wrap elementor-element-populated\">\n\t\t\t\t\t\t<div class=\"elementor-element elementor-element-adf7c99 elementor-widget elementor-widget-image\" data-id=\"adf7c99\" data-element_type=\"widget\" data-e-type=\"widget\" data-widget_type=\"image.default\">\n\t\t\t\t\t\t\t\t\t\t\t\t\t\t\t<img decoding=\"async\" width=\"1024\" height=\"606\" src=\"https:\/\/premierandalusians.com\/wp-content\/uploads\/2025\/10\/WhatsApp-Image-2025-08-23-at-03.55.18_8d00bd40-e1759404866910-1024x606.jpg\" class=\"attachment-large size-large wp-image-651\" alt=\"whatsapp image 2025 08 23 at 03.55.18 8d00bd40\" srcset=\"https:\/\/premierandalusians.com\/wp-content\/uploads\/2025\/10\/WhatsApp-Image-2025-08-23-at-03.55.18_8d00bd40-e1759404866910-1024x606.jpg 1024w, https:\/\/premierandalusians.com\/wp-content\/uploads\/2025\/10\/WhatsApp-Image-2025-08-23-at-03.55.18_8d00bd40-e1759404866910-300x178.jpg 300w, https:\/\/premierandalusians.com\/wp-content\/uploads\/2025\/10\/WhatsApp-Image-2025-08-23-at-03.55.18_8d00bd40-e1759404866910-768x455.jpg 768w, https:\/\/premierandalusians.com\/wp-content\/uploads\/2025\/10\/WhatsApp-Image-2025-08-23-at-03.55.18_8d00bd40-e1759404866910-1536x909.jpg 1536w, https:\/\/premierandalusians.com\/wp-content\/uploads\/2025\/10\/WhatsApp-Image-2025-08-23-at-03.55.18_8d00bd40-e1759404866910.jpg 2048w\" sizes=\"(max-width: 1024px) 100vw, 1024px\" title=\"Facility\">\t\t\t\t\t\t\t\t\t\t\t\t\t\t\t<\/div>\n\t\t\t\t<div class=\"elementor-element elementor-element-36b7580 elementor-widget elementor-widget-heading\" data-id=\"36b7580\" data-element_type=\"widget\" data-e-type=\"widget\" data-widget_type=\"heading.default\">\n\t\t\t\t\t<h3 class=\"elementor-heading-title elementor-size-default\">The Stables<\/h3>\t\t\t\t<\/div>\n\t\t\t\t<div class=\"elementor-element elementor-element-8b13322 elementor-widget elementor-widget-text-editor\" data-id=\"8b13322\" data-element_type=\"widget\" data-e-type=\"widget\" data-widget_type=\"text-editor.default\">\n\t\t\t\t\t\t\t\t\t<p><strong>Stables with 12 Spacious Stalls<\/strong><\/p><ul><li>Each stall designed for comfort and ventilation<\/li><li>Daily cleaning and fresh bedding provided<\/li><li>Secure tack and feed rooms<\/li><li>Wash rack and grooming area available<\/li><\/ul>\t\t\t\t\t\t\t\t<\/div>\n\t\t\t\t\t<\/div>\n\t\t<\/div>\n\t\t\t\t<div class=\"elementor-column elementor-col-33 elementor-inner-column elementor-element elementor-element-e78192b\" data-id=\"e78192b\" data-element_type=\"column\" data-e-type=\"column\">\n\t\t\t<div class=\"elementor-widget-wrap elementor-element-populated\">\n\t\t\t\t\t\t<div class=\"elementor-element elementor-element-859f95d elementor-widget elementor-widget-image\" data-id=\"859f95d\" data-element_type=\"widget\" data-e-type=\"widget\" data-widget_type=\"image.default\">\n\t\t\t\t\t\t\t\t\t\t\t\t\t\t\t<img loading=\"lazy\" decoding=\"async\" width=\"1024\" height=\"560\" src=\"https:\/\/premierandalusians.com\/wp-content\/uploads\/2025\/08\/WhatsApp-Image-2025-08-23-at-03.53.16_495afeeb-e1756815255757-1024x560.jpg\" class=\"attachment-large size-large wp-image-417\" alt=\"whatsapp image 2025 08 23 at 03.53.16 495afeeb\" srcset=\"https:\/\/premierandalusians.com\/wp-content\/uploads\/2025\/08\/WhatsApp-Image-2025-08-23-at-03.53.16_495afeeb-e1756815255757-1024x560.jpg 1024w, https:\/\/premierandalusians.com\/wp-content\/uploads\/2025\/08\/WhatsApp-Image-2025-08-23-at-03.53.16_495afeeb-e1756815255757-300x164.jpg 300w, https:\/\/premierandalusians.com\/wp-content\/uploads\/2025\/08\/WhatsApp-Image-2025-08-23-at-03.53.16_495afeeb-e1756815255757-768x420.jpg 768w, https:\/\/premierandalusians.com\/wp-content\/uploads\/2025\/08\/WhatsApp-Image-2025-08-23-at-03.53.16_495afeeb-e1756815255757-1536x839.jpg 1536w, https:\/\/premierandalusians.com\/wp-content\/uploads\/2025\/08\/WhatsApp-Image-2025-08-23-at-03.53.16_495afeeb-e1756815255757.jpg 1872w\" sizes=\"(max-width: 1024px) 100vw, 1024px\" title=\"Facility\">\t\t\t\t\t\t\t\t\t\t\t\t\t\t\t<\/div>\n\t\t\t\t<div class=\"elementor-element elementor-element-b46873a elementor-widget elementor-widget-heading\" data-id=\"b46873a\" data-element_type=\"widget\" data-e-type=\"widget\" data-widget_type=\"heading.default\">\n\t\t\t\t\t<h3 class=\"elementor-heading-title elementor-size-default\">Walker<\/h3>\t\t\t\t<\/div>\n\t\t\t\t<div class=\"elementor-element elementor-element-34061c0 elementor-widget elementor-widget-text-editor\" data-id=\"34061c0\" data-element_type=\"widget\" data-e-type=\"widget\" data-widget_type=\"text-editor.default\">\n\t\t\t\t\t\t\t\t\t<p><strong>Horse Walker<\/strong><\/p><ul><li>Supports conditioning and rehabilitation routines<\/li><li>Adjustable speed settings for customized exercise<\/li><li>Weather-friendly alternative to turnout<\/li><\/ul>\t\t\t\t\t\t\t\t<\/div>\n\t\t\t\t\t<\/div>\n\t\t<\/div>\n\t\t\t\t\t<\/div>\n\t\t<\/section>\n\t\t\t\t<section class=\"elementor-section elementor-inner-section elementor-element elementor-element-0fb6d07 elementor-section-boxed elementor-section-height-default elementor-section-height-default\" data-id=\"0fb6d07\" data-element_type=\"section\" data-e-type=\"section\">\n\t\t\t\t\t\t<div class=\"elementor-container elementor-column-gap-no\">\n\t\t\t\t\t<div class=\"elementor-column elementor-col-33 elementor-inner-column elementor-element elementor-element-552d1ad\" data-id=\"552d1ad\" data-element_type=\"column\" data-e-type=\"column\">\n\t\t\t<div class=\"elementor-widget-wrap elementor-element-populated\">\n\t\t\t\t\t\t<div class=\"elementor-element elementor-element-0dd2c6a elementor-widget elementor-widget-image\" data-id=\"0dd2c6a\" data-element_type=\"widget\" data-e-type=\"widget\" data-widget_type=\"image.default\">\n\t\t\t\t\t\t\t\t\t\t\t\t\t\t\t<img loading=\"lazy\" decoding=\"async\" width=\"2040\" height=\"1148\" src=\"https:\/\/premierandalusians.com\/wp-content\/uploads\/2025\/08\/WhatsApp-Image-2025-08-23-at-04.08.48_83db873f.jpg\" class=\"attachment-full size-full wp-image-416\" alt=\"whatsapp image 2025 08 23 at 04.08.48 83db873f\" srcset=\"https:\/\/premierandalusians.com\/wp-content\/uploads\/2025\/08\/WhatsApp-Image-2025-08-23-at-04.08.48_83db873f.jpg 2040w, https:\/\/premierandalusians.com\/wp-content\/uploads\/2025\/08\/WhatsApp-Image-2025-08-23-at-04.08.48_83db873f-300x169.jpg 300w, https:\/\/premierandalusians.com\/wp-content\/uploads\/2025\/08\/WhatsApp-Image-2025-08-23-at-04.08.48_83db873f-1024x576.jpg 1024w, https:\/\/premierandalusians.com\/wp-content\/uploads\/2025\/08\/WhatsApp-Image-2025-08-23-at-04.08.48_83db873f-768x432.jpg 768w, https:\/\/premierandalusians.com\/wp-content\/uploads\/2025\/08\/WhatsApp-Image-2025-08-23-at-04.08.48_83db873f-1536x864.jpg 1536w\" sizes=\"(max-width: 2040px) 100vw, 2040px\" title=\"Facility\">\t\t\t\t\t\t\t\t\t\t\t\t\t\t\t<\/div>\n\t\t\t\t<div class=\"elementor-element elementor-element-811997b elementor-widget elementor-widget-heading\" data-id=\"811997b\" data-element_type=\"widget\" data-e-type=\"widget\" data-widget_type=\"heading.default\">\n\t\t\t\t\t<h3 class=\"elementor-heading-title elementor-size-default\">Main Barn<\/h3>\t\t\t\t<\/div>\n\t\t\t\t<div class=\"elementor-element elementor-element-3e71356 elementor-widget elementor-widget-text-editor\" data-id=\"3e71356\" data-element_type=\"widget\" data-e-type=\"widget\" data-widget_type=\"text-editor.default\">\n\t\t\t\t\t\t\t\t\t<p><strong>Stable with Grooming and Bathing Areas<\/strong><\/p><ul><li>Designed for efficient grooming and tacking<\/li><li>Spacious layout for safe and comfortable handling<\/li><li><p>Indoor wash rack fully enclosed for year-round bathing<\/p><\/li><\/ul>\t\t\t\t\t\t\t\t<\/div>\n\t\t\t\t\t<\/div>\n\t\t<\/div>\n\t\t\t\t<div class=\"elementor-column elementor-col-33 elementor-inner-column elementor-element elementor-element-3196c51\" data-id=\"3196c51\" data-element_type=\"column\" data-e-type=\"column\">\n\t\t\t<div class=\"elementor-widget-wrap elementor-element-populated\">\n\t\t\t\t\t\t<div class=\"elementor-element elementor-element-59db54a elementor-widget elementor-widget-image\" data-id=\"59db54a\" data-element_type=\"widget\" data-e-type=\"widget\" data-widget_type=\"image.default\">\n\t\t\t\t\t\t\t\t\t\t\t\t\t\t\t<img loading=\"lazy\" decoding=\"async\" width=\"1024\" height=\"621\" src=\"https:\/\/premierandalusians.com\/wp-content\/uploads\/2025\/10\/WhatsApp-Image-2025-10-02-at-07.59.49_d396fd07-e1759406456614-1024x621.jpg\" class=\"attachment-large size-large wp-image-655\" alt=\"whatsapp image 2025 10 02 at 07.59.49 d396fd07\" srcset=\"https:\/\/premierandalusians.com\/wp-content\/uploads\/2025\/10\/WhatsApp-Image-2025-10-02-at-07.59.49_d396fd07-e1759406456614-1024x621.jpg 1024w, https:\/\/premierandalusians.com\/wp-content\/uploads\/2025\/10\/WhatsApp-Image-2025-10-02-at-07.59.49_d396fd07-e1759406456614-300x182.jpg 300w, https:\/\/premierandalusians.com\/wp-content\/uploads\/2025\/10\/WhatsApp-Image-2025-10-02-at-07.59.49_d396fd07-e1759406456614-768x466.jpg 768w, https:\/\/premierandalusians.com\/wp-content\/uploads\/2025\/10\/WhatsApp-Image-2025-10-02-at-07.59.49_d396fd07-e1759406456614-1536x932.jpg 1536w, https:\/\/premierandalusians.com\/wp-content\/uploads\/2025\/10\/WhatsApp-Image-2025-10-02-at-07.59.49_d396fd07-e1759406456614.jpg 2040w\" sizes=\"(max-width: 1024px) 100vw, 1024px\" title=\"Facility\">\t\t\t\t\t\t\t\t\t\t\t\t\t\t\t<\/div>\n\t\t\t\t<div class=\"elementor-element elementor-element-6bda740 elementor-widget elementor-widget-heading\" data-id=\"6bda740\" data-element_type=\"widget\" data-e-type=\"widget\" data-widget_type=\"heading.default\">\n\t\t\t\t\t<h3 class=\"elementor-heading-title elementor-size-default\">The Paddocks<\/h3>\t\t\t\t<\/div>\n\t\t\t\t<div class=\"elementor-element elementor-element-dbc969d elementor-widget elementor-widget-text-editor\" data-id=\"dbc969d\" data-element_type=\"widget\" data-e-type=\"widget\" data-widget_type=\"text-editor.default\">\n\t\t\t\t\t\t\t\t\t<p><strong>6 Outdoor Paddocks<\/strong><\/p><ul><li>Secure fencing<\/li><li>Turnout available for clients<\/li><li>Perfect for exercise, relaxation, and socialization<\/li><\/ul>\t\t\t\t\t\t\t\t<\/div>\n\t\t\t\t\t<\/div>\n\t\t<\/div>\n\t\t\t\t<div class=\"elementor-column elementor-col-33 elementor-inner-column elementor-element elementor-element-577953c\" data-id=\"577953c\" data-element_type=\"column\" data-e-type=\"column\">\n\t\t\t<div class=\"elementor-widget-wrap elementor-element-populated\">\n\t\t\t\t\t\t<div class=\"elementor-element elementor-element-af5a844 elementor-widget elementor-widget-image\" data-id=\"af5a844\" data-element_type=\"widget\" data-e-type=\"widget\" data-widget_type=\"image.default\">\n\t\t\t\t\t\t\t\t\t\t\t\t\t\t\t<img loading=\"lazy\" decoding=\"async\" width=\"1024\" height=\"663\" src=\"https:\/\/premierandalusians.com\/wp-content\/uploads\/2025\/10\/WhatsApp-Image-2025-10-02-at-07.50.18_fcbb9e63-e1759414510660-1024x663.jpg\" class=\"attachment-large size-large wp-image-669\" alt=\"whatsapp image 2025 10 02 at 07.50.18 fcbb9e63\" srcset=\"https:\/\/premierandalusians.com\/wp-content\/uploads\/2025\/10\/WhatsApp-Image-2025-10-02-at-07.50.18_fcbb9e63-e1759414510660-1024x663.jpg 1024w, https:\/\/premierandalusians.com\/wp-content\/uploads\/2025\/10\/WhatsApp-Image-2025-10-02-at-07.50.18_fcbb9e63-e1759414510660-300x194.jpg 300w, https:\/\/premierandalusians.com\/wp-content\/uploads\/2025\/10\/WhatsApp-Image-2025-10-02-at-07.50.18_fcbb9e63-e1759414510660-768x498.jpg 768w, https:\/\/premierandalusians.com\/wp-content\/uploads\/2025\/10\/WhatsApp-Image-2025-10-02-at-07.50.18_fcbb9e63-e1759414510660.jpg 1204w\" sizes=\"(max-width: 1024px) 100vw, 1024px\" title=\"Facility\">\t\t\t\t\t\t\t\t\t\t\t\t\t\t\t<\/div>\n\t\t\t\t<div class=\"elementor-element elementor-element-1cae79c elementor-widget elementor-widget-heading\" data-id=\"1cae79c\" data-element_type=\"widget\" data-e-type=\"widget\" data-widget_type=\"heading.default\">\n\t\t\t\t\t<h3 class=\"elementor-heading-title elementor-size-default\">Trail Riding<\/h3>\t\t\t\t<\/div>\n\t\t\t\t<div class=\"elementor-element elementor-element-56f49dc elementor-widget elementor-widget-text-editor\" data-id=\"56f49dc\" data-element_type=\"widget\" data-e-type=\"widget\" data-widget_type=\"text-editor.default\">\n\t\t\t\t\t\t\t\t\t<p><strong>Expansive Trail Riding Access<\/strong><\/p><ul><li>Scenic dirt roads surrounding the property<\/li><li>Ideal for conditioning &amp; leisure rides<\/li><li>Peaceful environment for riders and horses alike<\/li><\/ul>\t\t\t\t\t\t\t\t<\/div>\n\t\t\t\t\t<\/div>\n\t\t<\/div>\n\t\t\t\t\t<\/div>\n\t\t<\/section>\n\t\t\t\t\t<\/div>\n\t\t<\/div>\n\t\t\t\t\t<\/div>\n\t\t<\/section>\n\t\t<div class=\"elementor-element elementor-element-8523346 e-flex e-con-boxed e-con e-parent\" data-id=\"8523346\" data-element_type=\"container\" data-e-type=\"container\">\n\t\t\t\t\t<div class=\"e-con-inner\">\n\t\t\t\t\t<\/div>\n\t\t\t\t<\/div>\n\t\t\t\t<\/div>","protected":false},"excerpt":{"rendered":"<p>Facility We operate from Jerez, Spain, the heart of Andalusia, leveraging the region\u2019s rich equestrian heritage to deliver world-class services to clients across Europe and beyond. This\u00a0stunning equestrian center is surrounded by lush olive trees, creating a tranquil and picturesque setting for horses and riders alike. The facility features 14 spacious stalls designed for comfort [&hellip;]<\/p>\n","protected":false},"author":1,"featured_media":0,"parent":0,"menu_order":0,"comment_status":"closed","ping_status":"closed","template":"","meta":{"_acf_changed":false,"site-sidebar-layout":"no-sidebar","site-content-layout":"page-builder","ast-site-content-layout":"default","site-content-style":"default","site-sidebar-style":"default","ast-global-header-display":"","ast-banner-title-visibility":"","ast-main-header-display":"","ast-hfb-above-header-display":"","ast-hfb-below-header-display":"","ast-hfb-mobile-header-display":"","site-post-title":"disabled","ast-breadcrumbs-content":"","ast-featured-img":"disabled","footer-sml-layout":"","ast-disable-related-posts":"","theme-transparent-header-meta":"","adv-header-id-meta":"","stick-header-meta":"","header-above-stick-meta":"","header-main-stick-meta":"","header-below-stick-meta":"","astra-migrate-meta-layouts":"default","ast-page-background-enabled":"default","ast-page-background-meta":{"desktop":{"background-color":"var(--ast-global-color-4)","background-image":"","background-repeat":"repeat","background-position":"center center","background-size":"auto","background-attachment":"scroll","background-type":"","background-media":"","overlay-type":"","overlay-color":"","overlay-opacity":"","overlay-gradient":""},"tablet":{"background-color":"","background-image":"","background-repeat":"repeat","background-position":"center center","background-size":"auto","background-attachment":"scroll","background-type":"","background-media":"","overlay-type":"","overlay-color":"","overlay-opacity":"","overlay-gradient":""},"mobile":{"background-color":"","background-image":"","background-repeat":"repeat","background-position":"center center","background-size":"auto","background-attachment":"scroll","background-type":"","background-media":"","overlay-type":"","overlay-color":"","overlay-opacity":"","overlay-gradient":""}},"ast-content-background-meta":{"desktop":{"background-color":"var(--ast-global-color-5)","background-image":"","background-repeat":"repeat","background-position":"center center","background-size":"auto","background-attachment":"scroll","background-type":"","background-media":"","overlay-type":"","overlay-color":"","overlay-opacity":"","overlay-gradient":""},"tablet":{"background-color":"var(--ast-global-color-5)","background-image":"","background-repeat":"repeat","background-position":"center center","background-size":"auto","background-attachment":"scroll","background-type":"","background-media":"","overlay-type":"","overlay-color":"","overlay-opacity":"","overlay-gradient":""},"mobile":{"background-color":"var(--ast-global-color-5)","background-image":"","background-repeat":"repeat","background-position":"center center","background-size":"auto","background-attachment":"scroll","background-type":"","background-media":"","overlay-type":"","overlay-color":"","overlay-opacity":"","overlay-gradient":""}},"footnotes":""},"class_list":["post-382","page","type-page","status-publish","hentry"],"acf":[],"_links":{"self":[{"href":"https:\/\/premierandalusians.com\/es\/wp-json\/wp\/v2\/pages\/382","targetHints":{"allow":["GET"]}}],"collection":[{"href":"https:\/\/premierandalusians.com\/es\/wp-json\/wp\/v2\/pages"}],"about":[{"href":"https:\/\/premierandalusians.com\/es\/wp-json\/wp\/v2\/types\/page"}],"author":[{"embeddable":true,"href":"https:\/\/premierandalusians.com\/es\/wp-json\/wp\/v2\/users\/1"}],"replies":[{"embeddable":true,"href":"https:\/\/premierandalusians.com\/es\/wp-json\/wp\/v2\/comments?post=382"}],"version-history":[{"count":40,"href":"https:\/\/premierandalusians.com\/es\/wp-json\/wp\/v2\/pages\/382\/revisions"}],"predecessor-version":[{"id":672,"href":"https:\/\/premierandalusians.com\/es\/wp-json\/wp\/v2\/pages\/382\/revisions\/672"}],"wp:attachment":[{"href":"https:\/\/premierandalusians.com\/es\/wp-json\/wp\/v2\/media?parent=382"}],"curies":[{"name":"wp","href":"https:\/\/api.w.org\/{rel}","templated":true}]}}